{"id":56,"date":"2014-10-24T10:00:34","date_gmt":"2014-10-24T14:00:34","guid":{"rendered":"http:\/\/gadprborja.gob.ec\/napo\/?page_id=56"},"modified":"2015-06-03T22:52:34","modified_gmt":"2015-06-04T02:52:34","slug":"documentos-2014-2015","status":"publish","type":"page","link":"https:\/\/gadprborja.gob.ec\/napo\/documentos-2014-2015\/","title":{"rendered":"Documentos 2014"},"content":{"rendered":"<p style=\"text-align: justify;\"><strong>Art. 7.- Difusi\u00f3n de la Informaci\u00f3n P\u00fablica.-<\/strong><\/p>\n<p style=\"text-align: justify;\">Por la transparencia en la gesti\u00f3n administrativa que est\u00e1n obligadas a observar todas las instituciones del Estado que conforman el sector p\u00fablico en los t\u00e9rminos del art\u00edculo 118 de la Constituci\u00f3n Pol\u00edtica de la Rep\u00fablica y dem\u00e1s entes se\u00f1alados en el art\u00edculo 1 de la presente Ley, difundir\u00e1n a trav\u00e9s de un portal de informaci\u00f3n o p\u00e1gina web, as\u00ed como de los medios necesarios a disposici\u00f3n del p\u00fablico, implementados en la misma instituci\u00f3n, la siguiente informaci\u00f3n m\u00ednima actualizada, que para efectos de esta Ley se la considera de naturaleza obligatoria:<\/p>\n<p style=\"text-align: justify;\"><strong>FORMATOS LOTAIP<\/strong><\/p>\n<p style=\"text-align: justify;\"><strong>a) Organizaci\u00f3n Interna<\/strong><\/p>\n<p style=\"text-align: justify;\"><a href=\"http:\/\/gadprborja.gob.ec\/napo\/wp-content\/uploads\/2014\/10\/ESTRUCTURA-ORGANICA-FUNCIONAL.pdf\">ESTRUCTURA ORGANICA FUNCIONAL<\/a><\/p>\n<p style=\"text-align: justify;\">Estructura Org\u00e1nica Funcional.<br \/>\nBase legal que la rige, regulaciones y procedimientos internos aplicables a la entidad.<br \/>\nMetas y Objetivos de las unidades administrativas de conformidad con sus programas operativos.<\/p>\n<p style=\"text-align: justify;\"><strong>b) Directorio<\/strong><\/p>\n<p style=\"text-align: justify;\"><a href=\"http:\/\/gadprborja.gob.ec\/napo\/wp-content\/uploads\/2014\/10\/DIRECTORIO-COMPLETO.pdf\">DIRECTORIO COMPLETO<\/a><\/p>\n<p style=\"text-align: justify;\">Directorio completo de la instituci\u00f3n; as\u00ed como su distributivo de personal.<\/p>\n<p style=\"text-align: justify;\"><strong>c) Remuneraciones<\/strong><\/p>\n<p style=\"text-align: justify;\"><a href=\"http:\/\/gadprborja.gob.ec\/napo\/wp-content\/uploads\/2014\/10\/REMUNERACIONES-2015.pdf\">REMUNERACIONES 2015<\/a><\/p>\n<p style=\"text-align: justify;\">Remuneraci\u00f3n mensual por puesto y todo ingreso adicional incluso el sistema de compensaci\u00f3n, seg\u00fan lo establezcan las disposiciones correspondientes.<\/p>\n<p style=\"text-align: justify;\"><strong>d) Servicios<\/strong><\/p>\n<p style=\"text-align: justify;\"><a href=\"http:\/\/gadprborja.gob.ec\/napo\/wp-content\/uploads\/2014\/10\/HORARIOS-DE-ATENCION.pdf\">HORARIOS DE ATENCION<\/a><\/p>\n<p style=\"text-align: justify;\">Servicios que ofrece y la forma de acceder a ellos, horarios de atenci\u00f3n y dem\u00e1s indicaciones necesarias.<\/p>\n<p style=\"text-align: justify;\"><strong>e) Contratos Colectivos<\/strong><br \/>\nTexto integro de todos los contratos colectivos vigentes en la instituci\u00f3n, as\u00ed como sus anexos y reformas.<\/p>\n<p style=\"text-align: justify;\"><strong>f) Formularios para Tr\u00e1mites<\/strong><\/p>\n<p style=\"text-align: justify;\"><a href=\"http:\/\/gadprborja.gob.ec\/napo\/wp-content\/uploads\/2014\/10\/FORMATOS-PARA-TRAMITES-CIUDADANOS.pdf\">FORMATOS PARA TRAMITES CIUDADANOS<\/a><\/p>\n<p style=\"text-align: justify;\">Se publicar\u00e1n los formularios o formatos de solicitudes que se requieran para los tr\u00e1mites inherentes a su campo de acci\u00f3n.<\/p>\n<p style=\"text-align: justify;\"><strong>g) Presupuesto Anual<\/strong><\/p>\n<p style=\"text-align: justify;\"><a href=\"http:\/\/gadprborja.gob.ec\/napo\/wp-content\/uploads\/2014\/10\/PRESUPUESTO.pdf\">PRESUPUESTO<\/a><\/p>\n<p style=\"text-align: justify;\">Informaci\u00f3n total sobre el presupuesto anual que administra la instituci\u00f3n, especificando ingresos, gastos, financiamiento y resultados operativos de conformidad con los clasificadores presupuestales, as\u00ed como liquidaci\u00f3n del presupuesto, especificando destinatarios de la entrega de recursos p\u00fablicos.<\/p>\n<p style=\"text-align: justify;\"><strong>h) Auditorias Internas<\/strong><br \/>\nLos resultados de las auditorias internas y gubernamentales al ejercicio presupuestal.<\/p>\n<p style=\"text-align: justify;\"><strong>i) Procesos de Contrataci\u00f3n<\/strong><\/p>\n<p style=\"text-align: justify;\"><a href=\"http:\/\/gadprborja.gob.ec\/napo\/wp-content\/uploads\/2014\/10\/DETALLE-DE-ADQUISCION-DE-BIENES-Y-SERVICIOS.pdf\">DETALLE DE ADQUISCION DE BIENES Y SERVICIOS<\/a><\/p>\n<p style=\"text-align: justify;\">Informaci\u00f3n completa y detallada sobre los procesos pree-contractuales, contractuales, de adjudicaci\u00f3n y liquidaci\u00f3n de bienes, prestaci\u00f3n de servicios, arrendamientos mercantiles, etc, celebrados por la instituci\u00f3n con personas naturales o jur\u00eddicas, incluidos concesiones permisos o autorizaciones.<\/p>\n<p style=\"text-align: justify;\"><strong>j) Incumplimientos<\/strong><br \/>\nUn listado de las empresas que han incumplido contratos con dicha instituci\u00f3n.<\/p>\n<p style=\"text-align: justify;\"><strong>k) Planes y Programas<\/strong><\/p>\n<p style=\"text-align: justify;\"><a href=\"http:\/\/gadprborja.gob.ec\/napo\/wp-content\/uploads\/2014\/10\/PLAN-ANUAL-DE-CONTRATACION-2015.pdf\">PLAN ANUAL DE CONTRATACION 2015<\/a><\/p>\n<p style=\"text-align: justify;\">Planes y Programas de la Instituci\u00f3n en ejecuci\u00f3n.<\/p>\n<p style=\"text-align: justify;\"><strong>l) Financiamiento Interno y Externo<\/strong><\/p>\n<p style=\"text-align: justify;\"><a href=\"http:\/\/gadprborja.gob.ec\/napo\/wp-content\/uploads\/2014\/10\/CREDITO-CON-EL-BEDE.pdf\">CREDITO CON EL BEDE<\/a><\/p>\n<p style=\"text-align: justify;\">El detalle de los contratos de cr\u00e9dito externos o internos; se se\u00f1alar\u00e1 la fuente de los fondos con los que se pagar\u00e1n esos cr\u00e9ditos. Cuando se trate de prestamos o \u00a0contratos de financiamiento, se har\u00e1 constar, como lo prev\u00e9 la Ley Org\u00e1nica de Administraci\u00f3n Financiera y Control, Ley Org\u00e1nica de Contralor\u00eda General del Estado y la Ley Org\u00e1nica de Responsabilidad y Transparencia Fiscal, las operaciones y contratos de Cr\u00e9dito, los montos, plazo, costos financieros o tipos de inter\u00e9s.<\/p>\n<p style=\"text-align: justify;\"><strong>m) Rendici\u00f3n de Cuentas<\/strong><\/p>\n<p style=\"text-align: justify;\"><a href=\"http:\/\/gadprborja.gob.ec\/napo\/wp-content\/uploads\/2014\/10\/RENDICION-DE-CUENTAS-2014.pdf\">RENDICION DE CUENTAS 2014<\/a><\/p>\n<p style=\"text-align: justify;\">Mecanismos de rendici\u00f3n de cuentas a la ciudadan\u00eda, tales como metas e informes de gesti\u00f2n e indicadores de desempe\u00f1o.<\/p>\n<p style=\"text-align: justify;\"><strong>n) Gesti\u00f3n Institucional<\/strong><\/p>\n<p style=\"text-align: justify;\"><a href=\"http:\/\/gadprborja.gob.ec\/napo\/wp-content\/uploads\/2014\/10\/BASE-LEGAL-PARA-EL-PAGO-DE-VIATICOS.pdf\">BASE LEGAL PARA EL PAGO DE VIATICOS<\/a><\/p>\n<p style=\"text-align: justify;\">Los vi\u00e1ticos, informes de trabajo y justificativos de movilizaci\u00f3n nacional o internacional \u00a0de las autoridades, dignatarios y funcionarios p\u00f9blicos.<\/p>\n<p style=\"text-align: justify;\"><strong>o) Responsable de la Informaci\u00f3n<\/strong><\/p>\n<p style=\"text-align: justify;\"><a href=\"http:\/\/gadprborja.gob.ec\/napo\/wp-content\/uploads\/2014\/10\/RESPONSABLE-DE-LA-INFORMACION-PUBLICA.pdf\">RESPONSABLE DE LA INFORMACION PUBLICA<\/a><\/p>\n<p style=\"text-align: justify;\">El nombre, direcci\u00f3n de la oficina, apartado postal y direcci\u00f3n electr\u00f3nica del responsable de atender la informaci\u00f3n p\u00fablica de que trata esta ley.<\/p>\n<p style=\"text-align: justify;\"><strong>s) Organismos Seccionales<\/strong><\/p>\n<p style=\"text-align: justify;\"><a href=\"http:\/\/gadprborja.gob.ec\/napo\/wp-content\/uploads\/2014\/10\/RESOLUCIONES-2015.pdf\">RESOLUCIONES 2015<\/a><\/p>\n<p style=\"text-align: justify;\">Los organismos seccionales, informar\u00e1n oportunamente a la ciudadan\u00eca de las resoluciones que adoptaren, mediante la publicaci\u00f3n de las actas de las respectivas sesiones de estos cuerpos colegiados, as\u00ed como sus planes de desarrollo local<\/p>\n","protected":false},"excerpt":{"rendered":"<p>Art. 7.- Difusi\u00f3n de la Informaci\u00f3n P\u00fablica.- Por la transparencia en la gesti\u00f3n administrativa que est\u00e1n obligadas a observar todas las instituciones del Estado que conforman el sector p\u00fablico en los t\u00e9rminos del art\u00edculo 118 de la Constituci\u00f3n Pol\u00edtica de la Rep\u00fablica y dem\u00e1s entes se\u00f1alados en el art\u00edculo 1 de la presente Ley, difundir\u00e1n [&hellip;]<\/p>\n","protected":false},"author":1,"featured_media":0,"parent":0,"menu_order":0,"comment_status":"closed","ping_status":"closed","template":"","meta":{"footnotes":""},"class_list":["post-56","page","type-page","status-publish","hentry"],"yoast_head":"<!-- This site is optimized with the Yoast SEO plugin v27.2 - https:\/\/yoast.com\/product\/yoast-seo-wordpress\/ -->\n<title>Documentos 2014 - GAD parroquial San Francisco de Borja<\/title>\n<meta name=\"robots\" content=\"index, follow, max-snippet:-1, max-image-preview:large, max-video-preview:-1\" \/>\n<link rel=\"canonical\" href=\"https:\/\/gadprborja.gob.ec\/napo\/documentos-2014-2015\/\" \/>\n<meta property=\"og:locale\" content=\"es_ES\" \/>\n<meta property=\"og:type\" content=\"article\" \/>\n<meta property=\"og:title\" content=\"Documentos 2014 - GAD parroquial San Francisco de Borja\" \/>\n<meta property=\"og:description\" content=\"Art. 7.- Difusi\u00f3n de la Informaci\u00f3n P\u00fablica.- Por la transparencia en la gesti\u00f3n administrativa que est\u00e1n obligadas a observar todas las instituciones del Estado que conforman el sector p\u00fablico en los t\u00e9rminos del art\u00edculo 118 de la Constituci\u00f3n Pol\u00edtica de la Rep\u00fablica y dem\u00e1s entes se\u00f1alados en el art\u00edculo 1 de la presente Ley, difundir\u00e1n [&hellip;]\" \/>\n<meta property=\"og:url\" content=\"https:\/\/gadprborja.gob.ec\/napo\/documentos-2014-2015\/\" \/>\n<meta property=\"og:site_name\" content=\"GAD parroquial San Francisco de Borja\" \/>\n<meta property=\"article:modified_time\" content=\"2015-06-04T02:52:34+00:00\" \/>\n<meta name=\"twitter:card\" content=\"summary_large_image\" \/>\n<meta name=\"twitter:label1\" content=\"Tiempo de lectura\" \/>\n\t<meta name=\"twitter:data1\" content=\"3 minutos\" \/>\n<script type=\"application\/ld+json\" class=\"yoast-schema-graph\">{\"@context\":\"https:\/\/schema.org\",\"@graph\":[{\"@type\":\"WebPage\",\"@id\":\"https:\/\/gadprborja.gob.ec\/napo\/documentos-2014-2015\/\",\"url\":\"https:\/\/gadprborja.gob.ec\/napo\/documentos-2014-2015\/\",\"name\":\"Documentos 2014 - GAD parroquial San Francisco de Borja\",\"isPartOf\":{\"@id\":\"https:\/\/gadprborja.gob.ec\/napo\/#website\"},\"datePublished\":\"2014-10-24T14:00:34+00:00\",\"dateModified\":\"2015-06-04T02:52:34+00:00\",\"breadcrumb\":{\"@id\":\"https:\/\/gadprborja.gob.ec\/napo\/documentos-2014-2015\/#breadcrumb\"},\"inLanguage\":\"es\",\"potentialAction\":[{\"@type\":\"ReadAction\",\"target\":[\"https:\/\/gadprborja.gob.ec\/napo\/documentos-2014-2015\/\"]}]},{\"@type\":\"BreadcrumbList\",\"@id\":\"https:\/\/gadprborja.gob.ec\/napo\/documentos-2014-2015\/#breadcrumb\",\"itemListElement\":[{\"@type\":\"ListItem\",\"position\":1,\"name\":\"Home\",\"item\":\"https:\/\/gadprborja.gob.ec\/napo\/\"},{\"@type\":\"ListItem\",\"position\":2,\"name\":\"Documentos 2014\"}]},{\"@type\":\"WebSite\",\"@id\":\"https:\/\/gadprborja.gob.ec\/napo\/#website\",\"url\":\"https:\/\/gadprborja.gob.ec\/napo\/\",\"name\":\"GAD Parroquial de Borja\",\"description\":\"P\u00e1gina oficial de la Parroquia de Borja\",\"publisher\":{\"@id\":\"https:\/\/gadprborja.gob.ec\/napo\/#organization\"},\"potentialAction\":[{\"@type\":\"SearchAction\",\"target\":{\"@type\":\"EntryPoint\",\"urlTemplate\":\"https:\/\/gadprborja.gob.ec\/napo\/?s={search_term_string}\"},\"query-input\":{\"@type\":\"PropertyValueSpecification\",\"valueRequired\":true,\"valueName\":\"search_term_string\"}}],\"inLanguage\":\"es\"},{\"@type\":\"Organization\",\"@id\":\"https:\/\/gadprborja.gob.ec\/napo\/#organization\",\"name\":\"GAD Parroquial de San Francisco de Borja Napo\",\"url\":\"https:\/\/gadprborja.gob.ec\/napo\/\",\"logo\":{\"@type\":\"ImageObject\",\"inLanguage\":\"es\",\"@id\":\"https:\/\/gadprborja.gob.ec\/napo\/#\/schema\/logo\/image\/\",\"url\":\"https:\/\/gadprborja.gob.ec\/napo\/wp-content\/uploads\/2020\/06\/logoFooter.png\",\"contentUrl\":\"https:\/\/gadprborja.gob.ec\/napo\/wp-content\/uploads\/2020\/06\/logoFooter.png\",\"width\":160,\"height\":156,\"caption\":\"GAD Parroquial de San Francisco de Borja Napo\"},\"image\":{\"@id\":\"https:\/\/gadprborja.gob.ec\/napo\/#\/schema\/logo\/image\/\"}}]}<\/script>\n<!-- \/ Yoast SEO plugin. -->","yoast_head_json":{"title":"Documentos 2014 - GAD parroquial San Francisco de Borja","robots":{"index":"index","follow":"follow","max-snippet":"max-snippet:-1","max-image-preview":"max-image-preview:large","max-video-preview":"max-video-preview:-1"},"canonical":"https:\/\/gadprborja.gob.ec\/napo\/documentos-2014-2015\/","og_locale":"es_ES","og_type":"article","og_title":"Documentos 2014 - GAD parroquial San Francisco de Borja","og_description":"Art. 7.- Difusi\u00f3n de la Informaci\u00f3n P\u00fablica.- Por la transparencia en la gesti\u00f3n administrativa que est\u00e1n obligadas a observar todas las instituciones del Estado que conforman el sector p\u00fablico en los t\u00e9rminos del art\u00edculo 118 de la Constituci\u00f3n Pol\u00edtica de la Rep\u00fablica y dem\u00e1s entes se\u00f1alados en el art\u00edculo 1 de la presente Ley, difundir\u00e1n [&hellip;]","og_url":"https:\/\/gadprborja.gob.ec\/napo\/documentos-2014-2015\/","og_site_name":"GAD parroquial San Francisco de Borja","article_modified_time":"2015-06-04T02:52:34+00:00","twitter_card":"summary_large_image","twitter_misc":{"Tiempo de lectura":"3 minutos"},"schema":{"@context":"https:\/\/schema.org","@graph":[{"@type":"WebPage","@id":"https:\/\/gadprborja.gob.ec\/napo\/documentos-2014-2015\/","url":"https:\/\/gadprborja.gob.ec\/napo\/documentos-2014-2015\/","name":"Documentos 2014 - GAD parroquial San Francisco de Borja","isPartOf":{"@id":"https:\/\/gadprborja.gob.ec\/napo\/#website"},"datePublished":"2014-10-24T14:00:34+00:00","dateModified":"2015-06-04T02:52:34+00:00","breadcrumb":{"@id":"https:\/\/gadprborja.gob.ec\/napo\/documentos-2014-2015\/#breadcrumb"},"inLanguage":"es","potentialAction":[{"@type":"ReadAction","target":["https:\/\/gadprborja.gob.ec\/napo\/documentos-2014-2015\/"]}]},{"@type":"BreadcrumbList","@id":"https:\/\/gadprborja.gob.ec\/napo\/documentos-2014-2015\/#breadcrumb","itemListElement":[{"@type":"ListItem","position":1,"name":"Home","item":"https:\/\/gadprborja.gob.ec\/napo\/"},{"@type":"ListItem","position":2,"name":"Documentos 2014"}]},{"@type":"WebSite","@id":"https:\/\/gadprborja.gob.ec\/napo\/#website","url":"https:\/\/gadprborja.gob.ec\/napo\/","name":"GAD Parroquial de Borja","description":"P\u00e1gina oficial de la Parroquia de Borja","publisher":{"@id":"https:\/\/gadprborja.gob.ec\/napo\/#organization"},"potentialAction":[{"@type":"SearchAction","target":{"@type":"EntryPoint","urlTemplate":"https:\/\/gadprborja.gob.ec\/napo\/?s={search_term_string}"},"query-input":{"@type":"PropertyValueSpecification","valueRequired":true,"valueName":"search_term_string"}}],"inLanguage":"es"},{"@type":"Organization","@id":"https:\/\/gadprborja.gob.ec\/napo\/#organization","name":"GAD Parroquial de San Francisco de Borja Napo","url":"https:\/\/gadprborja.gob.ec\/napo\/","logo":{"@type":"ImageObject","inLanguage":"es","@id":"https:\/\/gadprborja.gob.ec\/napo\/#\/schema\/logo\/image\/","url":"https:\/\/gadprborja.gob.ec\/napo\/wp-content\/uploads\/2020\/06\/logoFooter.png","contentUrl":"https:\/\/gadprborja.gob.ec\/napo\/wp-content\/uploads\/2020\/06\/logoFooter.png","width":160,"height":156,"caption":"GAD Parroquial de San Francisco de Borja Napo"},"image":{"@id":"https:\/\/gadprborja.gob.ec\/napo\/#\/schema\/logo\/image\/"}}]}},"_links":{"self":[{"href":"https:\/\/gadprborja.gob.ec\/napo\/wp-json\/wp\/v2\/pages\/56","targetHints":{"allow":["GET"]}}],"collection":[{"href":"https:\/\/gadprborja.gob.ec\/napo\/wp-json\/wp\/v2\/pages"}],"about":[{"href":"https:\/\/gadprborja.gob.ec\/napo\/wp-json\/wp\/v2\/types\/page"}],"author":[{"embeddable":true,"href":"https:\/\/gadprborja.gob.ec\/napo\/wp-json\/wp\/v2\/users\/1"}],"replies":[{"embeddable":true,"href":"https:\/\/gadprborja.gob.ec\/napo\/wp-json\/wp\/v2\/comments?post=56"}],"version-history":[{"count":22,"href":"https:\/\/gadprborja.gob.ec\/napo\/wp-json\/wp\/v2\/pages\/56\/revisions"}],"predecessor-version":[{"id":553,"href":"https:\/\/gadprborja.gob.ec\/napo\/wp-json\/wp\/v2\/pages\/56\/revisions\/553"}],"wp:attachment":[{"href":"https:\/\/gadprborja.gob.ec\/napo\/wp-json\/wp\/v2\/media?parent=56"}],"curies":[{"name":"wp","href":"https:\/\/api.w.org\/{rel}","templated":true}]}}